{"id":23,"date":"2016-09-09T11:52:04","date_gmt":"2016-09-09T11:52:04","guid":{"rendered":"https:\/\/kraeuter-wanderung.at\/?page_id=23"},"modified":"2022-12-28T17:52:28","modified_gmt":"2022-12-28T16:52:28","slug":"ueber-mich","status":"publish","type":"page","link":"https:\/\/kraeuter-wanderung.at\/?page_id=23","title":{"rendered":"\u00dcber mich"},"content":{"rendered":"<div class=\"wpb-content-wrapper\"><p>[vc_row][vc_column][vc_empty_space height=&#8220;5em&#8220;][\/vc_column][\/vc_row][vc_row][vc_column width=&#8220;1\/2&#8243;][vc_empty_space height=&#8220;0.3em&#8220;]<figure class=\"sc_image  sc_image_shape_square margin_bottom_small\"><img decoding=\"async\" src=\"https:\/\/kraeuter-wanderung.at\/wp-content\/uploads\/2022\/12\/profilfoto.jpg\" alt=\"\" \/><\/figure>[\/vc_column][vc_column width=&#8220;1\/2&#8243;]<h2 class=\"sc_title sc_title_regular margin_top_tiny-\">\u00dcber mich<\/h2><h4 class=\"sc_title sc_title_regular\" style=\"font-weight:400;\">Grazer Kr\u00e4uter-Experte &#8211; schon als Kind Natur-, Garten- und Pflanzenbegeistert<\/h4>[vc_empty_space height=&#8220;0.9em&#8220;]<ul class=\"sc_list sc_list_style_iconed\"><li class=\"sc_list_item odd first\" title=\"seit 2014 selbst\u00e4ndig mit Kr\u00e4uterwanderungen, Seminaren, Vortr\u00e4gen und Workshops\"><span class=\"sc_list_icon icon-right\" style=\"color:#84c54e;\"><\/span>seit 2014 selbst\u00e4ndig mit Kr\u00e4uterwanderungen, Seminaren, Vortr\u00e4gen und Workshops<\/li><li class=\"sc_list_item even\" title=\"in der Freizeit viel in der Natur \u2013 Wald und Wiese unterwegs, wie auch Bergwandern, es gibt immer was zu entdecken\"><span class=\"sc_list_icon icon-right\" style=\"color:#84c54e;\"><\/span>in der Freizeit viel in der Natur \u2013 Wald und Wiese unterwegs, wie auch Bergwandern, es gibt immer was zu entdecken<\/li><li class=\"sc_list_item odd\" title=\"Kr\u00e4uterwanderungen sind ein Erlebnis mit allen Sinnen und sehr interaktiv!\"><span class=\"sc_list_icon icon-right\" style=\"color:#84c54e;\"><\/span>Kr\u00e4uterwanderungen sind ein Erlebnis mit allen Sinnen und sehr interaktiv!<\/li><\/ul>[vc_empty_space][vc_column_text]<div class='white' style='background:rgba(0,0,0,0); border:solid 0px rgba(0,0,0,0); border-radius:0px; padding:0px 0px 0px 0px;'>\n<div id='slider_1074' class='owl-carousel sa_owl_theme autohide-arrows' data-slider-id='slider_1074' style='visibility:hidden;'>\n<div id='slider_1074_slide01' class='sa_hover_container' style='padding:5% 5%; margin:0px 0%; '><blockquote class=\"sc_quote\">\r\n<p>Die Natur ist mein Vorbild!<\/p>\r\n<\/blockquote><\/div>\n<div id='slider_1074_slide02' class='sa_hover_container' style='padding:5% 5%; margin:0px 0%; '><blockquote class=\"sc_quote\">\r\n<p>Meine gr\u00f6\u00dfte Leidenschaft waren schon immer Garten und Pflanzen!<\/p>\r\n<\/blockquote><\/div>\n<div id='slider_1074_slide03' class='sa_hover_container' style='padding:5% 5%; margin:0px 0%; '><blockquote class=\"sc_quote\">\r\n<p>Kr\u00e4uter schmecken nicht nur gut, sondern sind auch gut f\u00fcr unsere Gesundheit!<\/p>\r\n<\/blockquote><\/div>\n<\/div>\n<\/div>\n<script type='text\/javascript'>\n\tjQuery(document).ready(function() {\n\t\tjQuery('#slider_1074').owlCarousel({\n\t\t\titems : 1,\n\t\t\tsmartSpeed : 200,\n\t\t\tautoplay : true,\n\t\t\tautoplayTimeout : 7000,\n\t\t\tautoplayHoverPause : true,\n\t\t\tsmartSpeed : 200,\n\t\t\tfluidSpeed : 200,\n\t\t\tautoplaySpeed : 200,\n\t\t\tnavSpeed : 200,\n\t\t\tdotsSpeed : 200,\n\t\t\tloop : true,\n\t\t\tnav : false,\n\t\t\tnavText : ['Previous','Next'],\n\t\t\tdots : false,\n\t\t\tresponsiveRefreshRate : 200,\n\t\t\tslideBy : 1,\n\t\t\tmergeFit : true,\n\t\t\tautoHeight : false,\n\t\t\tmouseDrag : false,\n\t\t\ttouchDrag : false\n\t\t});\n\t\tjQuery('#slider_1074').css('visibility', 'visible');\n\t\tsa_resize_slider_1074();\n\t\twindow.addEventListener('resize', sa_resize_slider_1074);\n\t\tfunction sa_resize_slider_1074() {\n\t\t\tvar min_height = '50';\n\t\t\tvar win_width = jQuery(window).width();\n\t\t\tvar slider_width = jQuery('#slider_1074').width();\n\t\t\tif (win_width < 480) {\n\t\t\t\tvar slide_width = slider_width \/ 1;\n\t\t\t} else if (win_width < 768) {\n\t\t\t\tvar slide_width = slider_width \/ 1;\n\t\t\t} else if (win_width < 980) {\n\t\t\t\tvar slide_width = slider_width \/ 1;\n\t\t\t} else if (win_width < 1200) {\n\t\t\t\tvar slide_width = slider_width \/ 1;\n\t\t\t} else if (win_width < 1500) {\n\t\t\t\tvar slide_width = slider_width \/ 1;\n\t\t\t} else {\n\t\t\t\tvar slide_width = slider_width \/ 1;\n\t\t\t}\n\t\t\tslide_width = Math.round(slide_width);\n\t\t\tvar slide_height = '0';\n\t\t\tif (min_height == 'aspect43') {\n\t\t\t\tslide_height = (slide_width \/ 4) * 3;\t\t\t\tslide_height = Math.round(slide_height);\n\t\t\t} else if (min_height == 'aspect169') {\n\t\t\t\tslide_height = (slide_width \/ 16) * 9;\t\t\t\tslide_height = Math.round(slide_height);\n\t\t\t} else {\n\t\t\t\tslide_height = (slide_width \/ 100) * min_height;\t\t\t\tslide_height = Math.round(slide_height);\n\t\t\t}\n\t\t\tjQuery('#slider_1074 .owl-item .sa_hover_container').css('min-height', slide_height+'px');\n\t\t}\n\t\tvar owl_goto = jQuery('#slider_1074');\n\t\tjQuery('.slider_1074_goto1').click(function(event){\n\t\t\towl_goto.trigger('to.owl.carousel', 0);\n\t\t});\n\t\tjQuery('.slider_1074_goto2').click(function(event){\n\t\t\towl_goto.trigger('to.owl.carousel', 1);\n\t\t});\n\t\tjQuery('.slider_1074_goto3').click(function(event){\n\t\t\towl_goto.trigger('to.owl.carousel', 2);\n\t\t});\n\t\tvar resize_1074 = jQuery('.owl-carousel');\n\t\tresize_1074.on('initialized.owl.carousel', function(e) {\n\t\t\tif (typeof(Event) === 'function') {\n\t\t\t\twindow.dispatchEvent(new Event('resize'));\n\t\t\t} else {\n\t\t\t\tvar evt = window.document.createEvent('UIEvents');\n\t\t\t\tevt.initUIEvent('resize', true, false, window, 0);\n\t\t\t\twindow.dispatchEvent(evt);\n\t\t\t}\n\t\t});\n\t});\n<\/script>\n[\/vc_column_text][\/vc_column][\/vc_row][vc_row][vc_column][vc_empty_space height=&#8220;3.1em&#8220;][\/vc_column][\/vc_row][vc_row full_width=&#8220;stretch_row&#8220; css=&#8220;.vc_custom_1558077330403{background-image: url(https:\/\/kraeuter-wanderung.at\/wp-content\/uploads\/2019\/05\/Testimonial-BG.jpg?id=1200) !important;background-position: center !important;background-repeat: no-repeat !important;background-size: cover !important;}&#8220;][vc_column]<div id=\"sc_testimonials_1909448023\" class=\"sc_testimonials sc_testimonials_style_testimonials-4  margin_top_huge margin_bottom_huge\" style=\"width:100%;\"><h2 class=\"sc_testimonials_title sc_item_title sc_item_title_without_descr\">Feedback<\/h2><div class=\"sc_testimonials_descr sc_item_descr\">Erz\u00e4hlungen von zufriedenen Naturliebhabern<\/div><div class=\"sc_slider_swiper swiper-slider-container sc_slider_pagination sc_slider_pagination_bottom sc_slider_nocontrols sc_slider_height_auto\" data-interval=\"5992\" data-slides-per-view=\"3\" data-slides-space=\"30\" data-slides-min-width=\"250\"><div class=\"slides swiper-wrapper\"><div class=\"swiper-slide\" data-style=\"width:100%;\" style=\"width:100%;\">\t\t\t<div id=\"sc_testimonials_1909448023_1\" class=\"sc_testimonial_item\">\n\t\t\t\t<div class=\"sc_testimonial_content\"><p>Michael Flechl ist ein sehr engagierter Pflanzenwisser, der immer stets bem\u00fcht ist alle Fragen zu beantworten<\/p>\n<\/div>\n\t\t\t\t\t\t\t\t\t\t\t\t<div class=\"sc_testimonial_author\"><span class=\"sc_testimonial_author_name\">Doris und Bernhard B.<\/span><\/div>\n\t\t\t\t\t\t\t<\/div>\n\t\t<\/div><div class=\"swiper-slide\" data-style=\"width:100%;\" style=\"width:100%;\">\t\t\t<div id=\"sc_testimonials_1909448023_2\" class=\"sc_testimonial_item\">\n\t\t\t\t<div class=\"sc_testimonial_content\"><p>Michael ist ein wandelndes Lexikon und bringt die Kursinhalte sympathisch und praxisnah r\u00fcber. Bin sehr begeistert und mache sicher wieder bei einer Wanderung mit<\/p>\n<\/div>\n\t\t\t\t\t\t\t\t\t\t\t\t<div class=\"sc_testimonial_author\"><span class=\"sc_testimonial_author_name\">Eva H.<\/span><\/div>\n\t\t\t\t\t\t\t<\/div>\n\t\t<\/div><div class=\"swiper-slide\" data-style=\"width:100%;\" style=\"width:100%;\">\t\t\t<div id=\"sc_testimonials_1909448023_3\" class=\"sc_testimonial_item\">\n\t\t\t\t<div class=\"sc_testimonial_content\"><p>Michael hat ein irrsinniges Wissen und nimmt einen mit Leichtigkeit mit in die botanische Welt.<\/p>\n<\/div>\n\t\t\t\t\t\t\t\t\t\t\t\t<div class=\"sc_testimonial_author\"><span class=\"sc_testimonial_author_name\">Marie P.<\/span><\/div>\n\t\t\t\t\t\t\t<\/div>\n\t\t<\/div><\/div><div class=\"sc_slider_controls_wrap\"><a class=\"sc_slider_prev\" href=\"#\"><\/a><a class=\"sc_slider_next\" href=\"#\"><\/a><\/div><div class=\"sc_slider_pagination_wrap\"><\/div><\/div><\/div>[vc_empty_space height=&#8220;1em&#8220;][\/vc_column][\/vc_row][vc_row full_width=&#8220;stretch_row&#8220; inverse=&#8220;&#8220; css=&#8220;.vc_custom_1551357143732{border-bottom-width: 0px !important;background-color: #424242 !important;}&#8220;][vc_column]<div id=\"sc_call_to_action_1466047502\" class=\"sc_call_to_action sc_call_to_action_accented sc_call_to_action_style_2\" style=\"width:100%;\"><div class=\"sc_call_to_action_info\"><h2 class=\"sc_call_to_action_title sc_item_title sc_item_title_without_descr\">Entdecken Sie jetzt die wunderbare Vielfalt der Natur<\/h2><\/div><div class=\"sc_call_to_action_featured\"><div class=\"featured_bg\" style=\"background-image:url(https:\/\/kraeuter-wanderung.at\/wp-content\/uploads\/2016\/09\/call_bg.png);\"><\/div><\/div><div class=\"sc_call_to_action_buttons sc_item_buttons\"><div class=\"sc_call_to_action_button sc_item_button\"><a href=\"\/veranstaltungen\" class=\"sc_button sc_button_square sc_button_style_filled3 sc_button_size_large sc_popup_link\">Termine<\/a><\/div><div class=\"sc_call_to_action_button sc_item_button\"><a href=\"\/kontakt\" class=\"sc_button sc_button_square sc_button_style_filled sc_button_size_large sc_popup_link\">Kontakt<\/a><\/div><\/div><\/div>[\/vc_column][\/vc_row]<\/p>\n<\/div>","protected":false},"excerpt":{"rendered":"<p>[vc_row][vc_column][vc_empty_space height=&#8220;5em&#8220;][\/vc_column][\/vc_row][vc_row][vc_column width=&#8220;1\/2&#8243;][vc_empty_space height=&#8220;0.3em&#8220;][\/vc_column][vc_column width=&#8220;1\/2&#8243;][vc_empty_space height=&#8220;0.9em&#8220;][vc_empty_space][vc_column_text][\/vc_column_text][\/vc_column][\/vc_row][vc_row][vc_column][vc_empty_space height=&#8220;3.1em&#8220;][\/vc_column][\/vc_row][vc_row full_width=&#8220;stretch_row&#8220; css=&#8220;.vc_custom_1558077330403{background-image: url(https:\/\/kraeuter-wanderung.at\/wp-content\/uploads\/2019\/05\/Testimonial-BG.jpg?id=1200) !important;background-position: center !important;background-repeat: no-repeat !important;background-size: cover !important;}&#8220;][vc_column][vc_empty_space height=&#8220;1em&#8220;][\/vc_column][\/vc_row][vc_row full_width=&#8220;stretch_row&#8220; inverse=&#8220;&#8220; css=&#8220;.vc_custom_1551357143732{border-bottom-width: 0px !important;background-color: #424242 !important;}&#8220;][vc_column][\/vc_column][\/vc_row]<\/p>\n","protected":false},"author":1,"featured_media":0,"parent":0,"menu_order":0,"comment_status":"closed","ping_status":"closed","template":"","meta":{"footnotes":""},"class_list":["post-23","page","type-page","status-publish","hentry"],"_links":{"self":[{"href":"https:\/\/kraeuter-wanderung.at\/index.php?rest_route=\/wp\/v2\/pages\/23","targetHints":{"allow":["GET"]}}],"collection":[{"href":"https:\/\/kraeuter-wanderung.at\/index.php?rest_route=\/wp\/v2\/pages"}],"about":[{"href":"https:\/\/kraeuter-wanderung.at\/index.php?rest_route=\/wp\/v2\/types\/page"}],"author":[{"embeddable":true,"href":"https:\/\/kraeuter-wanderung.at\/index.php?rest_route=\/wp\/v2\/users\/1"}],"replies":[{"embeddable":true,"href":"https:\/\/kraeuter-wanderung.at\/index.php?rest_route=%2Fwp%2Fv2%2Fcomments&post=23"}],"version-history":[{"count":21,"href":"https:\/\/kraeuter-wanderung.at\/index.php?rest_route=\/wp\/v2\/pages\/23\/revisions"}],"predecessor-version":[{"id":1294,"href":"https:\/\/kraeuter-wanderung.at\/index.php?rest_route=\/wp\/v2\/pages\/23\/revisions\/1294"}],"wp:attachment":[{"href":"https:\/\/kraeuter-wanderung.at\/index.php?rest_route=%2Fwp%2Fv2%2Fmedia&parent=23"}],"curies":[{"name":"wp","href":"https:\/\/api.w.org\/{rel}","templated":true}]}}