{"id":2,"date":"2016-09-06T08:57:51","date_gmt":"2016-09-06T08:57:51","guid":{"rendered":"https:\/\/kraeuter-wanderung.at\/?page_id=2"},"modified":"2026-03-06T09:57:01","modified_gmt":"2026-03-06T08:57:01","slug":"home-1","status":"publish","type":"page","link":"https:\/\/kraeuter-wanderung.at\/","title":{"rendered":"Home"},"content":{"rendered":"<div class=\"wpb-content-wrapper\"><p>[vc_row full_width=&#8220;stretch_row&#8220; css=&#8220;.vc_custom_1473435558335{background-color: #f6f5f2 !important;}&#8220;][vc_column]<h2 class=\"sc_title sc_title_regular sc_align_center margin_top_small margin_bottom_small\" style=\"text-align:center;font-weight:700;\">Aktuelle Termine<\/h2>[vc_column_text]<\/p>\n<p class=\"sc_item_descr\">Sehen Sie hier die n\u00e4chsten Termine.<\/p>\n<p>[\/vc_column_text][vc_empty_space height=&#8220;3em&#8220;][vc_raw_html]JTNDZGl2JTIwY2xhc3MlM0QlMjJldmVudC1jYXJkcy1jb250YWluZXIlMjIlM0UlMEElNUJldmVudHNfbGlzdCUyMGxpbWl0JTNEJTIyMiUyMiU1RCUwQSUzQ2RpdiUyMGNsYXNzJTNEJTIyZXZlbnQtZ3JpZC0yY29sJTIyJTNFJTBBJTNDYSUyMGhyZWYlM0QlMjIlMjNfRVZFTlRVUkwlMjIlMjBjbGFzcyUzRCUyMmV2ZW50LWNhcmQtaW1hZ2UlMjIlM0UlMjNfRVZFTlRJTUFHRSUzQyUyRmElM0UlMEElM0NoNSUyMGNsYXNzJTNEJTIycG9zdF90aXRsZSUyMiUzRSUzQ2ElMjBocmVmJTNEJTIyJTIzX0VWRU5UVVJMJTIyJTNFJTIzX0VWRU5UTkFNRSUzQyUyRmElM0UlM0MlMkZoNSUzRSUwQSUzQ2RpdiUyMGNsYXNzJTNEJTIyZXZlbnQtY2FyZC1pbmZvJTIyJTNFJTBBJTNDc3BhbiUyMGNsYXNzJTNEJTIyZXZlbnQtY2FyZC1kYXRlJTIyJTNFJTNDc3BhbiUyMGNsYXNzJTNEJTIydmNfaWNvbl9lbGVtZW50LWljb24lMjBmYSUyMGZhLWNhbGVuZGFyLWNoZWNrLW8lMjIlM0UlM0MlMkZzcGFuJTNFJTIwJTIzX0VWRU5UREFURVMlMjB1bSUyMCUyM18yNEhTVEFSVFRJTUUlMjBVaHIlM0MlMkZzcGFuJTNFJTNDc3BhbiUyMGNsYXNzJTNEJTIyZXZlbnQtY2FyZC1sb2NhdGlvbiUyMiUzRSUzQ3NwYW4lMjBjbGFzcyUzRCUyMnZjX2ljb25fZWxlbWVudC1pY29uJTIwZmElMjBmYS1tYXAtbWFya2VyJTIyJTNFJTNDJTJGc3BhbiUzRSUyMCUyM19MT0NBVElPTk5BTUUlM0MlMkZzcGFuJTNFJTBBJTNDJTJGZGl2JTNFJTBBJTNDcCUyMGNsYXNzJTNEJTIyZXZlbnQtY2FyZC1jb250ZW50JTIyJTNFJTIzX0VWRU5URVhDRVJQVCUzQyUyRnAlM0UlMEElM0NwJTIwY2xhc3MlM0QlMjJldmVudC1jYXJkLWNhbC1saW5rJTIyJTNFJTNDYSUyMGhyZWYlM0QlMjIlMjNfRVZFTlRXRUJDQUxVUkwlMjIlM0UlMkIlMjBUZXJtaW4lMjBpbiUyMGRlbiUyMEthbGVuZGVyJTIwZWludHJhZ2VuJTNDJTJGYSUzRSUzQyUyRnAlM0UlM0MlMkZkaXYlM0UlMEElNUIlMkZldmVudHNfbGlzdCU1RCUwQSUzQyUyRmRpdiUzRQ==[\/vc_raw_html][vc_empty_space height=&#8220;2em&#8220;]<a href=\"\/veranstaltungen\" class=\"sc_button sc_button_square sc_button_style_filled2 sc_button_size_small aligncenter sc_popup_link\" style=\"````\">Alle Termine ansehen<\/a>[vc_empty_space height=&#8220;1em&#8220;][\/vc_column][\/vc_row][vc_row full_width=&#8220;stretch_row&#8220; el_class=&#8220;leaf-bg-right&#8220;][vc_column]<h2 class=\"sc_title sc_title_regular sc_align_center margin_top_small margin_bottom_medium\" style=\"text-align:center;\">Neuigkeiten &amp; Eindr\u00fccke<\/h2>[vc_empty_space height=&#8220;0.7em&#8220;]<div id=\"sc_blogger_1299182961\" class=\"sc_blogger layout_classic_3 template_masonry margin_bottom_huge  sc_blogger_horizontal sc_scroll_controls sc_scroll_controls_type_top sc_scroll_controls_horizontal\"><div id=\"sc_blogger_1299182961_scroll\" class=\"sc_scroll sc_scroll_horizontal sc_slider_noresize swiper-slider-container scroll-container\" style=\"width:100%;\"><div class=\"sc_scroll_wrapper swiper-wrapper\"><div class=\"sc_scroll_slide swiper-slide\"><div class=\"isotope_wrap\" data-columns=\"3\">\t\t<div class=\"isotope_item isotope_item_classic isotope_item_classic_3 isotope_column_3\t\t\t\t\t\">\n\t\t\t<div class=\"post_item post_item_classic post_item_classic_3\t\t\t\t  post_format_standard odd\">\n\t\t\t\t\n\t\t\t\t\t\t\t\t\t<div class=\"post_featured\">\n\t\t\t\t\t\t\t<div class=\"post_thumb\" data-image=\"https:\/\/kraeuter-wanderung.at\/wp-content\/uploads\/2023\/08\/teichalm-gruppenfoto-2022.jpg\" data-title=\"Kr\u00e4uterwanderungen f\u00fcr Gruppen (Gruppenanfragen)\">\n\t<a class=\"hover_icon hover_icon_link\" href=\"https:\/\/kraeuter-wanderung.at\/?p=1512\"><img loading=\"lazy\" decoding=\"async\" class=\"wp-post-image\" width=\"370\" height=\"209\" alt=\"Kr\u00e4uterwanderungen f\u00fcr Gruppen (Gruppenanfragen)\" src=\"https:\/\/kraeuter-wanderung.at\/wp-content\/uploads\/2023\/08\/teichalm-gruppenfoto-2022-370x209.jpg\"><\/a>\t<\/div>\n\t\t\t\t\t\t<\/div>\n\t\t\t\t\n\t\t\t\t<div class=\"post_content isotope_item_content\">\n\t\t\t\t\t\n\t\t\t\t\t\t\t\t\t\t\t\t<h5 class=\"post_title\"><a href=\"https:\/\/kraeuter-wanderung.at\/?p=1512\">Kr\u00e4uterwanderungen f\u00fcr Gruppen (Gruppenanfragen)<\/a><\/h5>\n\t\t\t\t\t\t\t<div class=\"post_info\">\n\t\t\t\t<span class=\"post_info_item post_info_posted\"> <a href=\"https:\/\/kraeuter-wanderung.at\/?p=1512\" class=\"post_info_date\">24. Februar 2025<\/a><\/span>\n\t\t\t\t\t<span class=\"post_info_item post_info_counters\">\t<a class=\"post_counters_item post_counters_views icon-eye-inv\" title=\"Views - 2044\" href=\"https:\/\/kraeuter-wanderung.at\/?p=1512\"><span class=\"post_counters_number\">2044<\/span><\/a>\n\t\t<a class=\"post_counters_item post_counters_comments icon-comment-inv\" title=\"Comments - 0\" href=\"https:\/\/kraeuter-wanderung.at\/?p=1512#respond\"><span class=\"post_counters_number\">0<\/span><\/a>\n\t\t<a class=\"post_counters_item post_counters_likes icon-heart enabled\" title=\"Like\" href=\"#\"\n\t\tdata-postid=\"1512\"\n\t\tdata-likes=\"0\"\n\t\tdata-title-like=\"Like\"\n\t\tdata-title-dislike=\"Dislike\"><span class=\"post_counters_number\">0<\/span><\/a>\n\t<\/span>\n\t\t<\/div>\n\t\t\t\t\t<div class=\"post_descr\">\n\t\t\t\t\t\t<p>Egal ob f\u00fcr Familien, Vereine, Schulen oder Firmen &#8211; f\u00fcr jede Zielgruppe habe ich die individuelle Kr\u00e4uterwanderung, diverse Kr\u00e4uter- und Garten-Workshops, Vortr\u00e4ge (bspw. \u00fcber Neophyten und invasive Pflanzen)...<\/p><a href=\"https:\/\/kraeuter-wanderung.at\/?p=1512\" class=\"post_readmore\"><span class=\"post_readmore_label\">Weiterlesen<\/span><\/a>\t\t\t\t\t<\/div>\n\n\t\t\t\t<\/div>\t\t\t\t<!-- \/.post_content -->\n\t\t\t<\/div>\t<!-- \/.post_item -->\n\t\t<\/div>\t\t\t\t\t\t<!-- \/.isotope_item -->\n\t\t\t\t<div class=\"isotope_item isotope_item_classic isotope_item_classic_3 isotope_column_3\t\t\t\t\t\">\n\t\t\t<div class=\"post_item post_item_classic post_item_classic_3\t\t\t\t  post_format_video even\">\n\t\t\t\t\n\t\t\t\t\t\t\t\t\t<div class=\"post_featured\">\n\t\t\t\t\t\t<div class=\"sc_video_player\"><div class=\"sc_video_frame\" data-width=\"370\" data-height=\"208\"><iframe loading=\"lazy\" class=\"video_frame\" src=\"https:\/\/kraeuter-wanderung.at\/wp-content\/uploads\/2024\/02\/Sts23-Kraeuter-Wanderung-R3-1080P-C-Mavric.mp4\" width=\"370\" height=\"208\" frameborder=\"0\" webkitAllowFullScreen=\"webkitAllowFullScreen\" mozallowfullscreen=\"mozallowfullscreen\" allowFullScreen=\"allowFullScreen\"><\/iframe><\/div><\/div>\t\t\t\t\t<\/div>\n\t\t\t\t\n\t\t\t\t<div class=\"post_content isotope_item_content\">\n\t\t\t\t\t\n\t\t\t\t\t\t\t\t\t\t\t\t<h5 class=\"post_title\"><a href=\"https:\/\/kraeuter-wanderung.at\/?p=1428\">Kr\u00e4uterwanderung in Herberstein \u2013 Natur im Klimawandel<\/a><\/h5>\n\t\t\t\t\t\t\t<div class=\"post_info\">\n\t\t\t\t<span class=\"post_info_item post_info_posted\"> <a href=\"https:\/\/kraeuter-wanderung.at\/?p=1428\" class=\"post_info_date\">22. Februar 2024<\/a><\/span>\n\t\t\t\t\t<span class=\"post_info_item post_info_counters\">\t<a class=\"post_counters_item post_counters_views icon-eye-inv\" title=\"Views - 1519\" href=\"https:\/\/kraeuter-wanderung.at\/?p=1428\"><span class=\"post_counters_number\">1519<\/span><\/a>\n\t\t<a class=\"post_counters_item post_counters_comments icon-comment-inv\" title=\"Comments - 0\" href=\"https:\/\/kraeuter-wanderung.at\/?p=1428#respond\"><span class=\"post_counters_number\">0<\/span><\/a>\n\t\t<a class=\"post_counters_item post_counters_likes icon-heart enabled\" title=\"Like\" href=\"#\"\n\t\tdata-postid=\"1428\"\n\t\tdata-likes=\"4\"\n\t\tdata-title-like=\"Like\"\n\t\tdata-title-dislike=\"Dislike\"><span class=\"post_counters_number\">4<\/span><\/a>\n\t<\/span>\n\t\t<\/div>\n\t\t\t\t\t<div class=\"post_descr\">\n\t\t\t\t\t\t<p>Im Oktober 2023 fand eine besondere Kr\u00e4uterwanderung im Rahmen der Steiermark Schau 2023 beim Mobilen Pavillon in Herberstein unter dem Schwerpunkt Natur im Klimawandel statt. Zu Beginn gab es eine kurze F\u00fchrung...<\/p><a href=\"https:\/\/kraeuter-wanderung.at\/?p=1428\" class=\"post_readmore\"><span class=\"post_readmore_label\">Weiterlesen<\/span><\/a>\t\t\t\t\t<\/div>\n\n\t\t\t\t<\/div>\t\t\t\t<!-- \/.post_content -->\n\t\t\t<\/div>\t<!-- \/.post_item -->\n\t\t<\/div>\t\t\t\t\t\t<!-- \/.isotope_item -->\n\t\t\t\t<div class=\"isotope_item isotope_item_classic isotope_item_classic_3 isotope_column_3\t\t\t\t\t\">\n\t\t\t<div class=\"post_item post_item_classic post_item_classic_3\t\t\t\t  post_format_standard odd last\">\n\t\t\t\t\n\t\t\t\t\t\t\t\t\t<div class=\"post_featured\">\n\t\t\t\t\t\t\t<div class=\"post_thumb\" data-image=\"https:\/\/kraeuter-wanderung.at\/wp-content\/uploads\/2019\/05\/schwarze-kuhschelle-goesting.jpg\" data-title=\"Botanische Wanderung zur Schwarzen Kuhschelle (Jungfernsprung \u2013 Ruine G\u00f6sting)\">\n\t<a class=\"hover_icon hover_icon_link\" href=\"https:\/\/kraeuter-wanderung.at\/?p=1211\"><img loading=\"lazy\" decoding=\"async\" class=\"wp-post-image\" width=\"370\" height=\"209\" alt=\"Botanische Wanderung zur Schwarzen Kuhschelle (Jungfernsprung \u2013 Ruine G\u00f6sting)\" src=\"https:\/\/kraeuter-wanderung.at\/wp-content\/uploads\/2019\/05\/schwarze-kuhschelle-goesting-370x209.jpg\"><\/a>\t<\/div>\n\t\t\t\t\t\t<\/div>\n\t\t\t\t\n\t\t\t\t<div class=\"post_content isotope_item_content\">\n\t\t\t\t\t\n\t\t\t\t\t\t\t\t\t\t\t\t<h5 class=\"post_title\"><a href=\"https:\/\/kraeuter-wanderung.at\/?p=1211\">Botanische Wanderung zur Schwarzen Kuhschelle (Jungfernsprung \u2013 Ruine G\u00f6sting)<\/a><\/h5>\n\t\t\t\t\t\t\t<div class=\"post_info\">\n\t\t\t\t<span class=\"post_info_item post_info_posted\"> <a href=\"https:\/\/kraeuter-wanderung.at\/?p=1211\" class=\"post_info_date\">19. April 2023<\/a><\/span>\n\t\t\t\t\t<span class=\"post_info_item post_info_counters\">\t<a class=\"post_counters_item post_counters_views icon-eye-inv\" title=\"Views - 2038\" href=\"https:\/\/kraeuter-wanderung.at\/?p=1211\"><span class=\"post_counters_number\">2038<\/span><\/a>\n\t\t<a class=\"post_counters_item post_counters_comments icon-comment-inv\" title=\"Comments - 0\" href=\"https:\/\/kraeuter-wanderung.at\/?p=1211#respond\"><span class=\"post_counters_number\">0<\/span><\/a>\n\t\t<a class=\"post_counters_item post_counters_likes icon-heart enabled\" title=\"Like\" href=\"#\"\n\t\tdata-postid=\"1211\"\n\t\tdata-likes=\"1\"\n\t\tdata-title-like=\"Like\"\n\t\tdata-title-dislike=\"Dislike\"><span class=\"post_counters_number\">1<\/span><\/a>\n\t<\/span>\n\t\t<\/div>\n\t\t\t\t\t<div class=\"post_descr\">\n\t\t\t\t\t\t<p>Im April 2019 fand die URANIA- Wanderung zur bl\u00fchenden Schwarzen Kuhschelle (Pulsatilla pratense ssp. nigricans) in G\u00f6sting statt. Wir haben genau die Vollbl\u00fcte erwischt. Schon auf dem Weg zur Ruine G\u00f6sting und...<\/p><a href=\"https:\/\/kraeuter-wanderung.at\/?p=1211\" class=\"post_readmore\"><span class=\"post_readmore_label\">Weiterlesen<\/span><\/a>\t\t\t\t\t<\/div>\n\n\t\t\t\t<\/div>\t\t\t\t<!-- \/.post_content -->\n\t\t\t<\/div>\t<!-- \/.post_item -->\n\t\t<\/div>\t\t\t\t\t\t<!-- \/.isotope_item -->\n\t\t<\/div><\/div><\/div><div id=\"sc_blogger_1299182961_scroll_bar\" class=\"sc_scroll_bar sc_scroll_bar_horizontal sc_blogger_1299182961_scroll_bar\"><\/div><\/div><\/div>[\/vc_column][\/vc_row][vc_row full_width=&#8220;stretch_row&#8220; css=&#8220;.vc_custom_1558077196539{background: #f6f5f2 url(https:\/\/kraeuter-wanderung.at\/wp-content\/uploads\/2019\/05\/Testimonial-BG.jpg?id=1200) !important;}&#8220;][vc_column]<div id=\"sc_testimonials_734353143\" class=\"sc_testimonials sc_testimonials_style_testimonials-4  aligncenter\" style=\"width:100%;\"><h2 class=\"sc_testimonials_title sc_item_title sc_item_title_without_descr\">Feedback<\/h2><div class=\"sc_testimonials_descr sc_item_descr\">Erz\u00e4hlungen von zufriedenen Naturliebhabern.<\/div><div class=\"sc_slider_swiper swiper-slider-container sc_slider_nopagination sc_slider_nocontrols sc_slider_height_auto\" data-interval=\"8094\" data-slides-min-width=\"250\"><div class=\"slides swiper-wrapper\"><div class=\"swiper-slide\" data-style=\"width:100%;\" style=\"width:100%;\">\t\t\t<div id=\"sc_testimonials_734353143_1\" class=\"sc_testimonial_item\">\n\t\t\t\t<div class=\"sc_testimonial_content\"><p>Michael Flechl ist ein sehr engagierter Pflanzenwisser, der immer stets bem\u00fcht ist alle Fragen zu beantworten<\/p>\n<\/div>\n\t\t\t\t\t\t\t\t\t\t\t\t<div class=\"sc_testimonial_author\"><span class=\"sc_testimonial_author_name\">Doris und Bernhard B.<\/span><\/div>\n\t\t\t\t\t\t\t<\/div>\n\t\t<\/div><div class=\"swiper-slide\" data-style=\"width:100%;\" style=\"width:100%;\">\t\t\t<div id=\"sc_testimonials_734353143_2\" class=\"sc_testimonial_item\">\n\t\t\t\t<div class=\"sc_testimonial_content\"><p>Michael ist ein wandelndes Lexikon und bringt die Kursinhalte sympathisch und praxisnah r\u00fcber. Bin sehr begeistert und mache sicher wieder bei einer Wanderung mit<\/p>\n<\/div>\n\t\t\t\t\t\t\t\t\t\t\t\t<div class=\"sc_testimonial_author\"><span class=\"sc_testimonial_author_name\">Eva H.<\/span><\/div>\n\t\t\t\t\t\t\t<\/div>\n\t\t<\/div><div class=\"swiper-slide\" data-style=\"width:100%;\" style=\"width:100%;\">\t\t\t<div id=\"sc_testimonials_734353143_3\" class=\"sc_testimonial_item\">\n\t\t\t\t<div class=\"sc_testimonial_content\"><p>Michael hat ein irrsinniges Wissen und nimmt einen mit Leichtigkeit mit in die botanische Welt.<\/p>\n<\/div>\n\t\t\t\t\t\t\t\t\t\t\t\t<div class=\"sc_testimonial_author\"><span class=\"sc_testimonial_author_name\">Marie P.<\/span><\/div>\n\t\t\t\t\t\t\t<\/div>\n\t\t<\/div><div class=\"swiper-slide\" data-style=\"width:100%;\" style=\"width:100%;\">\t\t\t<div id=\"sc_testimonials_734353143_4\" class=\"sc_testimonial_item\">\n\t\t\t\t<div class=\"sc_testimonial_content\"><p>alle sind interessant, besonders Graz Umgebung<\/p>\n<\/div>\n\t\t\t\t\t\t\t\t\t\t\t\t<div class=\"sc_testimonial_author\"><span class=\"sc_testimonial_author_name\">Maria H.<\/span><\/div>\n\t\t\t\t\t\t\t<\/div>\n\t\t<\/div><div class=\"swiper-slide\" data-style=\"width:100%;\" style=\"width:100%;\">\t\t\t<div id=\"sc_testimonials_734353143_5\" class=\"sc_testimonial_item\">\n\t\t\t\t<div class=\"sc_testimonial_content\"><p>habe einen Kr\u00e4uterworkshop von Michael miterlebt und bin fasziniert von seinem Wissen und der Leidenschaft, mit der er \u00fcber Pflanzen und Kr\u00e4uter erz\u00e4hlt! ?<\/p>\n<\/div>\n\t\t\t\t\t\t\t\t\t\t\t\t<div class=\"sc_testimonial_author\"><span class=\"sc_testimonial_author_name\">Bettina P.<\/span><\/div>\n\t\t\t\t\t\t\t<\/div>\n\t\t<\/div><div class=\"swiper-slide\" data-style=\"width:100%;\" style=\"width:100%;\">\t\t\t<div id=\"sc_testimonials_734353143_6\" class=\"sc_testimonial_item\">\n\t\t\t\t<div class=\"sc_testimonial_content\"><p>Sch\u00f6n war es, interessant war es.<br \/>\nMichael Flechl bringt mit Leidenschaft und Sachverstand sein \" Kr\u00e4uterwissen\" an den Mann bzw. Frau. Werde beim n\u00e4chsten Besuch im Graz auf jeden Fall wieder mit dabei sein. Nach einer Kr\u00e4uterwanderung sieht Jeder das Unkraut am Wegesrand mit anderen Augen: als Nahrung, als Heilmittel ...einfach als Sch\u00f6nheit der Natur.<\/p>\n<\/div>\n\t\t\t\t\t\t\t\t\t\t\t\t<div class=\"sc_testimonial_author\"><span class=\"sc_testimonial_author_name\">Sigrun G.<\/span><\/div>\n\t\t\t\t\t\t\t<\/div>\n\t\t<\/div><div class=\"swiper-slide\" data-style=\"width:100%;\" style=\"width:100%;\">\t\t\t<div id=\"sc_testimonials_734353143_7\" class=\"sc_testimonial_item\">\n\t\t\t\t<div class=\"sc_testimonial_content\"><p>Eine Kr\u00e4uterwanderung kommt selten allein.... je mehr Michael erkl\u00e4rt, desto spannender wird\u2018s!<\/p>\n<\/div>\n\t\t\t\t\t\t\t\t\t\t\t\t<div class=\"sc_testimonial_author\"><span class=\"sc_testimonial_author_name\">Ulla P.<\/span><\/div>\n\t\t\t\t\t\t\t<\/div>\n\t\t<\/div><div class=\"swiper-slide\" data-style=\"width:100%;\" style=\"width:100%;\">\t\t\t<div id=\"sc_testimonials_734353143_8\" class=\"sc_testimonial_item\">\n\t\t\t\t<div class=\"sc_testimonial_content\"><p>sehr lehrreich, spannend und empfehlenswert ?<\/p>\n<\/div>\n\t\t\t\t\t\t\t\t\t\t\t\t<div class=\"sc_testimonial_author\"><span class=\"sc_testimonial_author_name\">Andreas K.<\/span><\/div>\n\t\t\t\t\t\t\t<\/div>\n\t\t<\/div><div class=\"swiper-slide\" data-style=\"width:100%;\" style=\"width:100%;\">\t\t\t<div id=\"sc_testimonials_734353143_9\" class=\"sc_testimonial_item\">\n\t\t\t\t<div class=\"sc_testimonial_content\"><p>Michael ist sehr kompetend. F\u00fchrung auf den Plabutsch war sehr anstrengend. Trotz sehr hei\u00dfem Wetter war die F\u00fchrung interessant.<\/p>\n<\/div>\n\t\t\t\t\t\t\t\t\t\t\t\t<div class=\"sc_testimonial_author\"><span class=\"sc_testimonial_author_name\">Stefanie G.<\/span><\/div>\n\t\t\t\t\t\t\t<\/div>\n\t\t<\/div><div class=\"swiper-slide\" data-style=\"width:100%;\" style=\"width:100%;\">\t\t\t<div id=\"sc_testimonials_734353143_10\" class=\"sc_testimonial_item\">\n\t\t\t\t<div class=\"sc_testimonial_content\"><p>sehr empfehlenswerte, interessante F\u00fchrung mit eindrucksvollen Details \u00fcber die duftenden! Winterbl\u00fcher und den Grazer Stadtpark<\/p>\n<\/div>\n\t\t\t\t\t\t\t\t\t\t\t\t<div class=\"sc_testimonial_author\"><span class=\"sc_testimonial_author_name\">Margarita S.<\/span><\/div>\n\t\t\t\t\t\t\t<\/div>\n\t\t<\/div><div class=\"swiper-slide\" data-style=\"width:100%;\" style=\"width:100%;\">\t\t\t<div id=\"sc_testimonials_734353143_11\" class=\"sc_testimonial_item\">\n\t\t\t\t<div class=\"sc_testimonial_content\"><p>War ne tolle \u2018Wanderung\u2019 heute... Michael ist super, er vermittelt sein Wissen mit einer sp\u00fcrbaren Leidenschaft, es war mir zu keinem Zeitpunkt langweilig. Definitiv zu empfehlen!<\/p>\n<\/div>\n\t\t\t\t\t\t\t\t\t\t\t\t<div class=\"sc_testimonial_author\"><span class=\"sc_testimonial_author_name\">Christine R.<\/span><\/div>\n\t\t\t\t\t\t\t<\/div>\n\t\t<\/div><\/div><div class=\"sc_slider_controls_wrap\"><a class=\"sc_slider_prev\" href=\"#\"><\/a><a class=\"sc_slider_next\" href=\"#\"><\/a><\/div><div class=\"sc_slider_pagination_wrap\"><\/div><\/div><\/div>[vc_empty_space height=&#8220;2.5em&#8220;][\/vc_column][\/vc_row][vc_row full_width=&#8220;stretch_row&#8220; css=&#8220;.vc_custom_1474543056562{background-color: #424242 !important;}&#8220;][vc_column]<div id=\"sc_call_to_action_1954606069\" class=\"sc_call_to_action sc_call_to_action_accented sc_call_to_action_style_2\" style=\"width:100%;\"><div class=\"sc_call_to_action_info\"><h2 class=\"sc_call_to_action_title sc_item_title sc_item_title_without_descr\">Entdecken Sie jetzt die wunderbare Vielfalt der Natur<\/h2><\/div><div class=\"sc_call_to_action_featured\"><div class=\"featured_bg\" style=\"background-image:url(https:\/\/kraeuter-wanderung.at\/wp-content\/uploads\/2016\/09\/call_bg.png);\"><\/div><\/div><div class=\"sc_call_to_action_buttons sc_item_buttons\"><div class=\"sc_call_to_action_button sc_item_button\"><a href=\"\/veranstaltungen\" class=\"sc_button sc_button_square sc_button_style_filled3 sc_button_size_large sc_popup_link\">Termine<\/a><\/div><div class=\"sc_call_to_action_button sc_item_button\"><a href=\"\/kontakt\" class=\"sc_button sc_button_square sc_button_style_filled sc_button_size_large sc_popup_link\">Kontakt<\/a><\/div><\/div><\/div>[\/vc_column][\/vc_row]<\/p>\n<\/div>","protected":false},"excerpt":{"rendered":"<p>[vc_row full_width=&#8220;stretch_row&#8220; css=&#8220;.vc_custom_1473435558335{background-color: #f6f5f2 !important;}&#8220;][vc_column][vc_column_text] Sehen Sie hier die n\u00e4chsten Termine. [\/vc_column_text][vc_empty_space height=&#8220;3em&#8220;][vc_raw_html]JTNDZGl2JTIwY2xhc3MlM0QlMjJldmVudC1jYXJkcy1jb250YWluZXIlMjIlM0UlMEElNUJldmVudHNfbGlzdCUyMGxpbWl0JTNEJTIyMiUyMiU1RCUwQSUzQ2RpdiUyMGNsYXNzJTNEJTIyZXZlbnQtZ3JpZC0yY29sJTIyJTNFJTBBJTNDYSUyMGhyZWYlM0QlMjIlMjNfRVZFTlRVUkwlMjIlMjBjbGFzcyUzRCUyMmV2ZW50LWNhcmQtaW1hZ2UlMjIlM0UlMjNfRVZFTlRJTUFHRSUzQyUyRmElM0UlMEElM0NoNSUyMGNsYXNzJTNEJTIycG9zdF90aXRsZSUyMiUzRSUzQ2ElMjBocmVmJTNEJTIyJTIzX0VWRU5UVVJMJTIyJTNFJTIzX0VWRU5UTkFNRSUzQyUyRmElM0UlM0MlMkZoNSUzRSUwQSUzQ2RpdiUyMGNsYXNzJTNEJTIyZXZlbnQtY2FyZC1pbmZvJTIyJTNFJTBBJTNDc3BhbiUyMGNsYXNzJTNEJTIyZXZlbnQtY2FyZC1kYXRlJTIyJTNFJTNDc3BhbiUyMGNsYXNzJTNEJTIydmNfaWNvbl9lbGVtZW50LWljb24lMjBmYSUyMGZhLWNhbGVuZGFyLWNoZWNrLW8lMjIlM0UlM0MlMkZzcGFuJTNFJTIwJTIzX0VWRU5UREFURVMlMjB1bSUyMCUyM18yNEhTVEFSVFRJTUUlMjBVaHIlM0MlMkZzcGFuJTNFJTNDc3BhbiUyMGNsYXNzJTNEJTIyZXZlbnQtY2FyZC1sb2NhdGlvbiUyMiUzRSUzQ3NwYW4lMjBjbGFzcyUzRCUyMnZjX2ljb25fZWxlbWVudC1pY29uJTIwZmElMjBmYS1tYXAtbWFya2VyJTIyJTNFJTNDJTJGc3BhbiUzRSUyMCUyM19MT0NBVElPTk5BTUUlM0MlMkZzcGFuJTNFJTBBJTNDJTJGZGl2JTNFJTBBJTNDcCUyMGNsYXNzJTNEJTIyZXZlbnQtY2FyZC1jb250ZW50JTIyJTNFJTIzX0VWRU5URVhDRVJQVCUzQyUyRnAlM0UlMEElM0NwJTIwY2xhc3MlM0QlMjJldmVudC1jYXJkLWNhbC1saW5rJTIyJTNFJTNDYSUyMGhyZWYlM0QlMjIlMjNfRVZFTlRXRUJDQUxVUkwlMjIlM0UlMkIlMjBUZXJtaW4lMjBpbiUyMGRlbiUyMEthbGVuZGVyJTIwZWludHJhZ2VuJTNDJTJGYSUzRSUzQyUyRnAlM0UlM0MlMkZkaXYlM0UlMEElNUIlMkZldmVudHNfbGlzdCU1RCUwQSUzQyUyRmRpdiUzRQ==[\/vc_raw_html][vc_empty_space height=&#8220;2em&#8220;][vc_empty_space height=&#8220;1em&#8220;][\/vc_column][\/vc_row][vc_row full_width=&#8220;stretch_row&#8220; el_class=&#8220;leaf-bg-right&#8220;][vc_column][vc_empty_space height=&#8220;0.7em&#8220;][\/vc_column][\/vc_row][vc_row full_width=&#8220;stretch_row&#8220; css=&#8220;.vc_custom_1558077196539{background: #f6f5f2 url(https:\/\/kraeuter-wanderung.at\/wp-content\/uploads\/2019\/05\/Testimonial-BG.jpg?id=1200) !important;}&#8220;][vc_column][vc_empty_space height=&#8220;2.5em&#8220;][\/vc_column][\/vc_row][vc_row full_width=&#8220;stretch_row&#8220; css=&#8220;.vc_custom_1474543056562{background-color: #424242 !important;}&#8220;][vc_column][\/vc_column][\/vc_row]<\/p>\n","protected":false},"author":1,"featured_media":0,"parent":0,"menu_order":0,"comment_status":"closed","ping_status":"open","template":"","meta":{"footnotes":""},"class_list":["post-2","page","type-page","status-publish","hentry"],"_links":{"self":[{"href":"https:\/\/kraeuter-wanderung.at\/index.php?rest_route=\/wp\/v2\/pages\/2","targetHints":{"allow":["GET"]}}],"collection":[{"href":"https:\/\/kraeuter-wanderung.at\/index.php?rest_route=\/wp\/v2\/pages"}],"about":[{"href":"https:\/\/kraeuter-wanderung.at\/index.php?rest_route=\/wp\/v2\/types\/page"}],"author":[{"embeddable":true,"href":"https:\/\/kraeuter-wanderung.at\/index.php?rest_route=\/wp\/v2\/users\/1"}],"replies":[{"embeddable":true,"href":"https:\/\/kraeuter-wanderung.at\/index.php?rest_route=%2Fwp%2Fv2%2Fcomments&post=2"}],"version-history":[{"count":65,"href":"https:\/\/kraeuter-wanderung.at\/index.php?rest_route=\/wp\/v2\/pages\/2\/revisions"}],"predecessor-version":[{"id":1582,"href":"https:\/\/kraeuter-wanderung.at\/index.php?rest_route=\/wp\/v2\/pages\/2\/revisions\/1582"}],"wp:attachment":[{"href":"https:\/\/kraeuter-wanderung.at\/index.php?rest_route=%2Fwp%2Fv2%2Fmedia&parent=2"}],"curies":[{"name":"wp","href":"https:\/\/api.w.org\/{rel}","templated":true}]}}