{"id":1119,"date":"2019-03-11T14:38:04","date_gmt":"2019-03-11T13:38:04","guid":{"rendered":"https:\/\/kraeuter-wanderung.at\/?page_id=1119"},"modified":"2024-05-01T22:33:24","modified_gmt":"2024-05-01T20:33:24","slug":"partner-freunde","status":"publish","type":"page","link":"https:\/\/kraeuter-wanderung.at\/?page_id=1119","title":{"rendered":"Partner &#038; Freunde"},"content":{"rendered":"<div class=\"wpb-content-wrapper\"><p>[vc_row gap=&#8220;35&#8243; equal_height=&#8220;yes&#8220; content_placement=&#8220;middle&#8220; css=&#8220;.vc_custom_1552312760907{margin-bottom: 20px !important;border-bottom-width: 1px !important;padding-bottom: 20px !important;border-bottom-color: #e5e5e5 !important;border-bottom-style: solid !important;}&#8220; el_class=&#8220;partner-unit&#8220;][vc_column width=&#8220;1\/3&#8243;][vc_single_image image=&#8220;1103&#8243; img_size=&#8220;full&#8220; alignment=&#8220;center&#8220; onclick=&#8220;custom_link&#8220; img_link_target=&#8220;_blank&#8220; link=&#8220;https:\/\/www.austrianbiologist.at\/aba2017\/&#8220;][\/vc_column][vc_column width=&#8220;2\/3&#8243;][vc_column_text]<\/p>\n<h4>Austrian Biologist Association<\/h4>\n<p>Verein \u00f6sterreichischer Biologinnen und Biologen<\/p>\n<p><a class=\"sc_button sc_button_square sc_button_style_filled alignleft\" href=\"https:\/\/www.austrianbiologist.at\/aba2017\/\" target=\"_blank\" rel=\"noopener noreferrer\">www.austrianbiologist.at<\/a>[\/vc_column_text][\/vc_column][\/vc_row][vc_row gap=&#8220;35&#8243; equal_height=&#8220;yes&#8220; content_placement=&#8220;middle&#8220; css=&#8220;.vc_custom_1552312764940{margin-bottom: 20px !important;border-bottom-width: 1px !important;padding-bottom: 20px !important;border-bottom-color: #e5e5e5 !important;border-bottom-style: solid !important;}&#8220; el_class=&#8220;partner-unit&#8220;][vc_column width=&#8220;1\/3&#8243;][vc_single_image image=&#8220;1127&#8243; img_size=&#8220;full&#8220; alignment=&#8220;center&#8220; onclick=&#8220;custom_link&#8220; img_link_target=&#8220;_blank&#8220; link=&#8220;https:\/\/www.bablue.at\/&#8220;][\/vc_column][vc_column width=&#8220;2\/3&#8243;][vc_column_text]<\/p>\n<h4>BaBl\u00fc\u00ae Akademie<\/h4>\n<p>Ihre ExpertInnen f\u00fcr ganzheitliche Gesundheit und Bildung<\/p>\n<p><a class=\"sc_button sc_button_square sc_button_style_filled alignleft\" href=\"https:\/\/www.bablue.at\/\" target=\"_blank\" rel=\"noopener noreferrer\">www.bablue.at<\/a>[\/vc_column_text][\/vc_column][\/vc_row][vc_row gap=&#8220;35&#8243; equal_height=&#8220;yes&#8220; content_placement=&#8220;middle&#8220; css=&#8220;.vc_custom_1552312768771{margin-bottom: 20px !important;border-bottom-width: 1px !important;padding-bottom: 20px !important;border-bottom-color: #e5e5e5 !important;border-bottom-style: solid !important;}&#8220; el_class=&#8220;partner-unit&#8220;][vc_column width=&#8220;1\/3&#8243;][vc_single_image image=&#8220;1129&#8243; img_size=&#8220;full&#8220; alignment=&#8220;center&#8220; onclick=&#8220;custom_link&#8220; img_link_target=&#8220;_blank&#8220; link=&#8220;https:\/\/www.urania.at\/&#8220;][\/vc_column][vc_column width=&#8220;2\/3&#8243;][vc_column_text]<\/p>\n<h4>URANIA &#8211; Bildung bewegt<\/h4>\n<p>Die \u00d6sterreichische URANIA f\u00fcr Steiermark versteht sich als Zentrum der Weiterbildung mit engem Kontakt zu den steirischen Universit\u00e4ten und Museen sowie zu wichtigen Kultureinrichtungen.<\/p>\n<p><a class=\"sc_button sc_button_square sc_button_style_filled alignleft\" href=\"https:\/\/www.urania.at\/\" target=\"_blank\" rel=\"noopener noreferrer\">www.urania.at<\/a>[\/vc_column_text][\/vc_column][\/vc_row][vc_row gap=&#8220;35&#8243; equal_height=&#8220;yes&#8220; content_placement=&#8220;middle&#8220; el_class=&#8220;partner-unit&#8220; css=&#8220;.vc_custom_1707810339625{margin-bottom: 20px !important;border-bottom-width: 1px !important;padding-bottom: 20px !important;border-bottom-color: #e5e5e5 !important;border-bottom-style: solid !important;}&#8220;][vc_column width=&#8220;1\/3&#8243; el_id=&#8220;Mag. Marion Gringinger &#8211; Sprachtrainings und \u00dcbersetzungen (Portugiesisch und Franz\u00f6sisch)&#8220;][vc_single_image image=&#8220;1359&#8243; img_size=&#8220;full&#8220; onclick=&#8220;custom_link&#8220; img_link_target=&#8220;_blank&#8220; link=&#8220;https:\/\/www.marion-gringinger.at\/&#8220;][\/vc_column][vc_column width=&#8220;2\/3&#8243;][vc_column_text el_id=&#8220;https:\/\/www.marion-gringinger.at\/&#8220;]<\/p>\n<h4><strong>Mag. Marion Gringinger <\/strong><\/h4>\n<p>Sprachtrainings und \u00dcbersetzungen (Portugiesisch und Franz\u00f6sisch)<\/p>\n<p><a class=\"sc_button sc_button_square sc_button_style_filled alignleft\" href=\"https:\/\/www.marion-gringinger.at\/\">www.marion-gringinger.at<\/a><!--more--><\/p>\n<p><!--more-->[\/vc_column_text][\/vc_column][\/vc_row][vc_row gap=&#8220;35&#8243; equal_height=&#8220;yes&#8220; content_placement=&#8220;middle&#8220; el_class=&#8220;partner-unit&#8220;][vc_column width=&#8220;1\/3&#8243;][vc_single_image image=&#8220;1464&#8243; img_size=&#8220;full&#8220; onclick=&#8220;custom_link&#8220; img_link_target=&#8220;_blank&#8220; link=&#8220;https:\/\/www.allekommen.at\/anbieter\/kraeuterwanderungen-graz-michael-flechl-191704\/mobil\/seminare-und-kraeuterwanderungen-3320&#8243;][\/vc_column][vc_column width=&#8220;2\/3&#8243;][vc_column_text]<\/p>\n<h4>Allekommen.at<\/h4>\n<p>Profil auf Allekommen.at<\/p>\n<p><a class=\"sc_button sc_button_square sc_button_style_filled alignleft\" href=\"https:\/\/www.allekommen.at\/anbieter\/kraeuterwanderungen-graz-michael-flechl-191704\/mobil\/seminare-und-kraeuterwanderungen-3320\" target=\"_blank\" rel=\"noopener\">www.allekommen.at<\/a>[\/vc_column_text][\/vc_column][\/vc_row]<\/p>\n<\/div>","protected":false},"excerpt":{"rendered":"<p>[vc_row gap=&#8220;35&#8243; equal_height=&#8220;yes&#8220; content_placement=&#8220;middle&#8220; css=&#8220;.vc_custom_1552312760907{margin-bottom: 20px !important;border-bottom-width: 1px !important;padding-bottom: 20px !important;border-bottom-color: #e5e5e5 !important;border-bottom-style: solid !important;}&#8220; el_class=&#8220;partner-unit&#8220;][vc_column width=&#8220;1\/3&#8243;][vc_single_image image=&#8220;1103&#8243; img_size=&#8220;full&#8220; alignment=&#8220;center&#8220; onclick=&#8220;custom_link&#8220; img_link_target=&#8220;_blank&#8220; link=&#8220;https:\/\/www.austrianbiologist.at\/aba2017\/&#8220;][\/vc_column][vc_column width=&#8220;2\/3&#8243;][vc_column_text] Austrian Biologist Association Verein \u00f6sterreichischer Biologinnen und Biologen www.austrianbiologist.at[\/vc_column_text][\/vc_column][\/vc_row][vc_row gap=&#8220;35&#8243; equal_height=&#8220;yes&#8220; content_placement=&#8220;middle&#8220; css=&#8220;.vc_custom_1552312764940{margin-bottom: 20px !important;border-bottom-width: 1px !important;padding-bottom: 20px !important;border-bottom-color: #e5e5e5 !important;border-bottom-style: solid !important;}&#8220; el_class=&#8220;partner-unit&#8220;][vc_column width=&#8220;1\/3&#8243;][vc_single_image image=&#8220;1127&#8243; img_size=&#8220;full&#8220; alignment=&#8220;center&#8220; onclick=&#8220;custom_link&#8220; img_link_target=&#8220;_blank&#8220; link=&#8220;https:\/\/www.bablue.at\/&#8220;][\/vc_column][vc_column [&hellip;]<\/p>\n","protected":false},"author":1,"featured_media":0,"parent":0,"menu_order":0,"comment_status":"closed","ping_status":"closed","template":"","meta":{"footnotes":""},"class_list":["post-1119","page","type-page","status-publish","hentry"],"_links":{"self":[{"href":"https:\/\/kraeuter-wanderung.at\/index.php?rest_route=\/wp\/v2\/pages\/1119","targetHints":{"allow":["GET"]}}],"collection":[{"href":"https:\/\/kraeuter-wanderung.at\/index.php?rest_route=\/wp\/v2\/pages"}],"about":[{"href":"https:\/\/kraeuter-wanderung.at\/index.php?rest_route=\/wp\/v2\/types\/page"}],"author":[{"embeddable":true,"href":"https:\/\/kraeuter-wanderung.at\/index.php?rest_route=\/wp\/v2\/users\/1"}],"replies":[{"embeddable":true,"href":"https:\/\/kraeuter-wanderung.at\/index.php?rest_route=%2Fwp%2Fv2%2Fcomments&post=1119"}],"version-history":[{"count":58,"href":"https:\/\/kraeuter-wanderung.at\/index.php?rest_route=\/wp\/v2\/pages\/1119\/revisions"}],"predecessor-version":[{"id":1470,"href":"https:\/\/kraeuter-wanderung.at\/index.php?rest_route=\/wp\/v2\/pages\/1119\/revisions\/1470"}],"wp:attachment":[{"href":"https:\/\/kraeuter-wanderung.at\/index.php?rest_route=%2Fwp%2Fv2%2Fmedia&parent=1119"}],"curies":[{"name":"wp","href":"https:\/\/api.w.org\/{rel}","templated":true}]}}